{"id":1194,"date":"2024-06-12T16:00:18","date_gmt":"2024-06-12T14:00:18","guid":{"rendered":"https:\/\/darpol.org\/?page_id=1194"},"modified":"2024-06-20T13:17:45","modified_gmt":"2024-06-20T11:17:45","slug":"home","status":"publish","type":"page","link":"https:\/\/darpol.org\/en\/","title":{"rendered":"Home"},"content":{"rendered":"<div data-elementor-type=\"wp-page\" data-elementor-id=\"1194\" class=\"elementor elementor-1194\" data-elementor-post-type=\"page\">\n\t\t\t\t<div class=\"elementor-element elementor-element-c72ef03 e-flex e-con-boxed e-con e-parent\" data-id=\"c72ef03\" data-element_type=\"container\" data-settings=\"{&quot;background_background&quot;:&quot;classic&quot;}\">\n\t\t\t\t\t<div class=\"e-con-inner\">\n\t\t<div class=\"elementor-element elementor-element-f2722ff e-flex e-con-boxed e-con e-child\" data-id=\"f2722ff\" data-element_type=\"container\">\n\t\t\t\t\t<div class=\"e-con-inner\">\n\t\t\t\t<div class=\"elementor-element elementor-element-5047202 elementor-widget elementor-widget-heading\" data-id=\"5047202\" data-element_type=\"widget\" data-widget_type=\"heading.default\">\n\t\t\t\t<div class=\"elementor-widget-container\">\n\t\t\t<style>\/*! elementor - v3.21.0 - 26-05-2024 *\/\n.elementor-heading-title{padding:0;margin:0;line-height:1}.elementor-widget-heading .elementor-heading-title[class*=elementor-size-]>a{color:inherit;font-size:inherit;line-height:inherit}.elementor-widget-heading .elementor-heading-title.elementor-size-small{font-size:15px}.elementor-widget-heading .elementor-heading-title.elementor-size-medium{font-size:19px}.elementor-widget-heading .elementor-heading-title.elementor-size-large{font-size:29px}.elementor-widget-heading .elementor-heading-title.elementor-size-xl{font-size:39px}.elementor-widget-heading .elementor-heading-title.elementor-size-xxl{font-size:59px}<\/style><h2 class=\"elementor-heading-title elementor-size-default\"> About us<\/h2>\t\t<\/div>\n\t\t\t\t<\/div>\n\t\t\t\t<div class=\"elementor-element elementor-element-7366f4d elementor-widget elementor-widget-text-editor\" data-id=\"7366f4d\" data-element_type=\"widget\" data-widget_type=\"text-editor.default\">\n\t\t\t\t<div class=\"elementor-widget-container\">\n\t\t\t<style>\/*! elementor - v3.21.0 - 26-05-2024 *\/\n.elementor-widget-text-editor.elementor-drop-cap-view-stacked .elementor-drop-cap{background-color:#69727d;color:#fff}.elementor-widget-text-editor.elementor-drop-cap-view-framed .elementor-drop-cap{color:#69727d;border:3px solid;background-color:transparent}.elementor-widget-text-editor:not(.elementor-drop-cap-view-default) .elementor-drop-cap{margin-top:8px}.elementor-widget-text-editor:not(.elementor-drop-cap-view-default) .elementor-drop-cap-letter{width:1em;height:1em}.elementor-widget-text-editor .elementor-drop-cap{float:left;text-align:center;line-height:1;font-size:50px}.elementor-widget-text-editor .elementor-drop-cap-letter{display:inline-block}<\/style>\t\t\t\t<p>Company \u201cDAR-POL\u201d was founded in Poland in 1989 by Dariusz Marek Polaczek as a\ntransport company. For many years, the company&#039;s main activity was the provision of transport\nservices - international passenger transport, as well as freight transport, including chemical\nindustry products, using its own fleet of over 150 units vehicles.<\/p><p>After several years of operations, \u201cDAR-POL\u201d changed its legal form, and now we are\n\u201cDARPOL\u201d , Limited Liability Company, based in Jelenia G\u00f3ra, Poland.<\/p><ul><li>Purchase and sale of specialized electric vehicles in Poland and other European Union\ncountries;<\/li><li>Import of goods from China;<\/li><li>Transportation;<\/li><\/ul><p>Products imported by DARPOL are used in tourism, passenger transport, as well as in\npublic utilities and law enforcement agencies.<\/p><p>We carefully select suppliers in China, offering to our customers only high-quality products\nfrom trusted manufacturers. All vehicles sold by DARPOL are covered by a 12-month warranty\nand post-warranty service.<\/p><p>The unique team of professionals in the field of engineering, management, logistics and\ninternational trade was united by DARPOL management . Currently, the company is at the stage\nof actively shaping the portfolio of contracts with suppliers, as well as the dealer network in\nPoland and other European Union countries. In 2024, the company plans to take part in tenders\nfor the purchase of electric vehicles as part of the Green Public Transport program run by local\ngovernments in Poland.<\/p>\t\t\t\t\t\t<\/div>\n\t\t\t\t<\/div>\n\t\t\t\t\t<\/div>\n\t\t\t\t<\/div>\n\t\t\t\t\t<\/div>\n\t\t\t\t<\/div>\n\t\t\t\t<\/div>","protected":false},"excerpt":{"rendered":"<p>O nas Firma DAR-POL zosta\u0142a za\u0142o\u017cona w Polsce w 1989 roku przez Dariusza Marek Polaczek jako firma transportowa. G\u0142\u00f3wn\u0105 dzia\u0142alno\u015bci\u0105 firmy przez wiele lat by\u0142o \u015bwiadczenie us\u0142ug transportowych \u2013 mi\u0119dzynarodowych przewoz\u00f3w pasa\u017cerskich, a tak\u017ce przewoz\u00f3w towarowych, m.in. produkt\u00f3w przemys\u0142u chemicznego, wykorzystuj\u0105c w\u0142asn\u0105 flot\u0119 licz\u0105c\u0105 ponad 150 jednostek sprz\u0119tu. Po kilkunastu latach dzia\u0142alno\u015bci firma DAR-POL zmieni\u0142a [&hellip;]<\/p>","protected":false},"author":1,"featured_media":0,"parent":0,"menu_order":0,"comment_status":"closed","ping_status":"closed","template":"","meta":{"site-sidebar-layout":"no-sidebar","site-content-layout":"page-builder","ast-site-content-layout":"","site-content-style":"default","site-sidebar-style":"default","ast-global-header-display":"","ast-banner-title-visibility":"","ast-main-header-display":"","ast-hfb-above-header-display":"","ast-hfb-below-header-display":"","ast-hfb-mobile-header-display":"","site-post-title":"disabled","ast-breadcrumbs-content":"disabled","ast-featured-img":"disabled","footer-sml-layout":"","theme-transparent-header-meta":"enabled","adv-header-id-meta":"","stick-header-meta":"","header-above-stick-meta":"","header-main-stick-meta":"","header-below-stick-meta":"","astra-migrate-meta-layouts":"default","ast-page-background-enabled":"default","ast-page-background-meta":{"desktop":{"background-color":"","background-image":"","background-repeat":"repeat","background-position":"center center","background-size":"auto","background-attachment":"scroll","background-type":"","background-media":"","overlay-type":"","overlay-color":"","overlay-opacity":"","overlay-gradient":""},"tablet":{"background-color":"","background-image":"","background-repeat":"repeat","background-position":"center center","background-size":"auto","background-attachment":"scroll","background-type":"","background-media":"","overlay-type":"","overlay-color":"","overlay-opacity":"","overlay-gradient":""},"mobile":{"background-color":"","background-image":"","background-repeat":"repeat","background-position":"center center","background-size":"auto","background-attachment":"scroll","background-type":"","background-media":"","overlay-type":"","overlay-color":"","overlay-opacity":"","overlay-gradient":""}},"ast-content-background-meta":{"desktop":{"background-color":"var(--ast-global-color-5)","background-image":"","background-repeat":"repeat","background-position":"center center","background-size":"auto","background-attachment":"scroll","background-type":"","background-media":"","overlay-type":"","overlay-color":"","overlay-opacity":"","overlay-gradient":""},"tablet":{"background-color":"var(--ast-global-color-5)","background-image":"","background-repeat":"repeat","background-position":"center center","background-size":"auto","background-attachment":"scroll","background-type":"","background-media":"","overlay-type":"","overlay-color":"","overlay-opacity":"","overlay-gradient":""},"mobile":{"background-color":"var(--ast-global-color-5)","background-image":"","background-repeat":"repeat","background-position":"center center","background-size":"auto","background-attachment":"scroll","background-type":"","background-media":"","overlay-type":"","overlay-color":"","overlay-opacity":"","overlay-gradient":""}},"footnotes":""},"class_list":["post-1194","page","type-page","status-publish","hentry"],"_links":{"self":[{"href":"https:\/\/darpol.org\/en\/wp-json\/wp\/v2\/pages\/1194","targetHints":{"allow":["GET"]}}],"collection":[{"href":"https:\/\/darpol.org\/en\/wp-json\/wp\/v2\/pages"}],"about":[{"href":"https:\/\/darpol.org\/en\/wp-json\/wp\/v2\/types\/page"}],"author":[{"embeddable":true,"href":"https:\/\/darpol.org\/en\/wp-json\/wp\/v2\/users\/1"}],"replies":[{"embeddable":true,"href":"https:\/\/darpol.org\/en\/wp-json\/wp\/v2\/comments?post=1194"}],"version-history":[{"count":273,"href":"https:\/\/darpol.org\/en\/wp-json\/wp\/v2\/pages\/1194\/revisions"}],"predecessor-version":[{"id":2410,"href":"https:\/\/darpol.org\/en\/wp-json\/wp\/v2\/pages\/1194\/revisions\/2410"}],"wp:attachment":[{"href":"https:\/\/darpol.org\/en\/wp-json\/wp\/v2\/media?parent=1194"}],"curies":[{"name":"wp","href":"https:\/\/api.w.org\/{rel}","templated":true}]}}